{"id":6073,"date":"2016-05-12T12:58:56","date_gmt":"2016-05-12T12:58:56","guid":{"rendered":"http:\/\/www.fetiasp.com.br\/site\/?page_id=6073"},"modified":"2016-05-12T13:44:41","modified_gmt":"2016-05-12T13:44:41","slug":"area-do-advogado","status":"publish","type":"page","link":"https:\/\/www.fetiasp.com.br\/site\/?page_id=6073","title":{"rendered":"\u00c1rea do Advogado"},"content":{"rendered":"\n<div class=\"wpcf7 no-js\" id=\"wpcf7-f6075-o1\" lang=\"pt-BR\" dir=\"ltr\" data-wpcf7-id=\"6075\">\n<div class=\"screen-reader-response\"><p role=\"status\" aria-live=\"polite\" aria-atomic=\"true\"><\/p> <ul><\/ul><\/div>\n<form action=\"\/site\/index.php?rest_route=%2Fwp%2Fv2%2Fpages%2F6073#wpcf7-f6075-o1\" method=\"post\" class=\"wpcf7-form init\" aria-label=\"Formul\u00e1rios de contato\" novalidate=\"novalidate\" data-status=\"init\">\n<fieldset class=\"hidden-fields-container\"><input type=\"hidden\" name=\"_wpcf7\" value=\"6075\" \/><input type=\"hidden\" name=\"_wpcf7_version\" value=\"6.1.5\" \/><input type=\"hidden\" name=\"_wpcf7_locale\" value=\"pt_BR\" \/><input type=\"hidden\" name=\"_wpcf7_unit_tag\" value=\"wpcf7-f6075-o1\" \/><input type=\"hidden\" name=\"_wpcf7_container_post\" value=\"0\" \/><input type=\"hidden\" name=\"_wpcf7_posted_data_hash\" value=\"\" \/>\n<\/fieldset>\n<p>Nome do Advogado (obrigat\u00f3rio)\n<\/p>\n<p><span class=\"wpcf7-form-control-wrap\" data-name=\"nome\"><input size=\"40\" maxlength=\"400\" class=\"wpcf7-form-control wpcf7-text wpcf7-validates-as-required\" aria-required=\"true\" aria-invalid=\"false\" value=\"\" type=\"text\" name=\"nome\" \/><\/span>\n<\/p>\n<p>E-Mail do Advogado (obrigat\u00f3rio)\n<\/p>\n<p><span class=\"wpcf7-form-control-wrap\" data-name=\"email-advogado\"><input size=\"40\" maxlength=\"400\" class=\"wpcf7-form-control wpcf7-email wpcf7-validates-as-required wpcf7-text wpcf7-validates-as-email\" aria-required=\"true\" aria-invalid=\"false\" value=\"\" type=\"email\" name=\"email-advogado\" \/><\/span>\n<\/p>\n<p>OAB do Advogado (obrigat\u00f3rio)\n<\/p>\n<p><span class=\"wpcf7-form-control-wrap\" data-name=\"oab\"><input size=\"40\" maxlength=\"400\" class=\"wpcf7-form-control wpcf7-text wpcf7-validates-as-required\" aria-required=\"true\" aria-invalid=\"false\" value=\"\" type=\"text\" name=\"oab\" \/><\/span>\n<\/p>\n<p>Nome do Solicitante (Trabalhador) (obrigat\u00f3rio)\n<\/p>\n<p><span class=\"wpcf7-form-control-wrap\" data-name=\"name-solicitante\"><input size=\"40\" maxlength=\"400\" class=\"wpcf7-form-control wpcf7-text wpcf7-validates-as-required\" aria-required=\"true\" aria-invalid=\"false\" value=\"\" type=\"text\" name=\"name-solicitante\" \/><\/span>\n<\/p>\n<p>Raz\u00e3o Social da Empresa (obrigat\u00f3rio)\n<\/p>\n<p><span class=\"wpcf7-form-control-wrap\" data-name=\"razao-social\"><input size=\"40\" maxlength=\"400\" class=\"wpcf7-form-control wpcf7-text wpcf7-validates-as-required\" aria-required=\"true\" aria-invalid=\"false\" value=\"\" type=\"text\" name=\"razao-social\" \/><\/span>\n<\/p>\n<p>CNPJ da Empresa (obrigat\u00f3rio)\n<\/p>\n<p><span class=\"wpcf7-form-control-wrap\" data-name=\"cnpj\"><input size=\"40\" maxlength=\"400\" class=\"wpcf7-form-control wpcf7-text wpcf7-validates-as-required\" aria-required=\"true\" aria-invalid=\"false\" value=\"\" type=\"text\" name=\"cnpj\" \/><\/span>\n<\/p>\n<p>Cidade da Empresa (obrigat\u00f3rio)\n<\/p>\n<p><span class=\"wpcf7-form-control-wrap\" data-name=\"cidade-empresa\"><input size=\"40\" maxlength=\"400\" class=\"wpcf7-form-control wpcf7-text wpcf7-validates-as-required\" aria-required=\"true\" aria-invalid=\"false\" value=\"\" type=\"text\" name=\"cidade-empresa\" \/><\/span>\n<\/p>\n<p>Setor da Empresa (Preponder\u00e2ncia Fabrica\u00e7\u00e3o) (obrigat\u00f3rio)\n<\/p>\n<p><span class=\"wpcf7-form-control-wrap\" data-name=\"setor-empresa\"><select class=\"wpcf7-form-control wpcf7-select wpcf7-validates-as-required\" aria-required=\"true\" aria-invalid=\"false\" name=\"setor-empresa\"><option value=\"\">&#8212;Escolha uma op\u00e7\u00e3o&#8212;<\/option><option value=\"\u00c1gua Mineral\">\u00c1gua Mineral<\/option><option value=\"Bebidas\">Bebidas<\/option><option value=\"Caf\u00e9 Sol\u00favel\">Caf\u00e9 Sol\u00favel<\/option><option value=\"Carne e Derivados\">Carne e Derivados<\/option><option value=\"Doces e Conservas\">Doces e Conservas<\/option><option value=\"Frio\">Frio<\/option><option value=\"Latic\u00ednios\">Latic\u00ednios<\/option><option value=\"Milho e Soja\">Milho e Soja<\/option><option value=\"Nestl\u00e9\">Nestl\u00e9<\/option><option value=\"\u00d3leos Vegetais\">\u00d3leos Vegetais<\/option><option value=\"Panifica\u00e7\u00e3o (Interior)\">Panifica\u00e7\u00e3o (Interior)<\/option><option value=\"Panifica\u00e7\u00e3o (SP)\">Panifica\u00e7\u00e3o (SP)<\/option><option value=\"Pesca\">Pesca<\/option><option value=\"Pl\u00farimo\">Pl\u00farimo<\/option><option value=\"Ra\u00e7\u00f5es\">Ra\u00e7\u00f5es<\/option><option value=\"Suco\">Suco<\/option><option value=\"Torrefa\u00e7\u00e3o\">Torrefa\u00e7\u00e3o<\/option><option value=\"Trigo\">Trigo<\/option><option value=\"Usina de a\u00e7\u00facar\">Usina de a\u00e7\u00facar<\/option><\/select><\/span>\n<\/p>\n<p>Observa\u00e7\u00f5es\n<\/p>\n<p><span class=\"wpcf7-form-control-wrap\" data-name=\"your-message\"><textarea cols=\"40\" rows=\"10\" maxlength=\"2000\" class=\"wpcf7-form-control wpcf7-textarea\" aria-invalid=\"false\" name=\"your-message\"><\/textarea><\/span>\n<\/p>\n<p><input type=\"hidden\" name=\"_wpcf7_captcha_challenge_captcha-632\" value=\"579593269\" \/><img loading=\"lazy\" decoding=\"async\" class=\"wpcf7-form-control wpcf7-captchac wpcf7-captcha-captcha-632\" width=\"72\" height=\"24\" alt=\"captcha\" src=\"https:\/\/www.fetiasp.com.br\/site\/wp-content\/uploads\/wpcf7_captcha\/579593269.png\" \/><br \/>\n<span class=\"wpcf7-form-control-wrap\" data-name=\"captcha-632\"><input size=\"40\" class=\"wpcf7-form-control wpcf7-captchar\" autocomplete=\"off\" aria-invalid=\"false\" value=\"\" type=\"text\" name=\"captcha-632\" \/><\/span>\n<\/p>\n<p><input class=\"wpcf7-form-control wpcf7-submit has-spinner\" type=\"submit\" value=\"Enviar\" \/>\n<\/p><div class=\"wpcf7-response-output\" aria-hidden=\"true\"><\/div>\n<\/form>\n<\/div>\n\n<p><strong>Federa\u00e7\u00e3o dos Trabalhadores nas Ind\u00fastrias de Alimenta\u00e7\u00e3o do Estado de S\u00e3o Paulo<\/strong>.<br \/>\n<strong>Rua Conselheiro Furtado n\u00ba 987<\/strong><br \/>\n<strong>Bairro Liberdade &#8211; S\u00e3o Paulo- SP<\/strong><\/p>\n<p>&nbsp;<\/p>\n","protected":false},"excerpt":{"rendered":"<p>Federa\u00e7\u00e3o dos Trabalhadores nas Ind\u00fastrias de Alimenta\u00e7\u00e3o do Estado de S\u00e3o Paulo. Rua Conselheiro Furtado n\u00ba 987 Bairro Liberdade &#8211; S\u00e3o Paulo- SP &nbsp;<\/p>\n","protected":false},"author":1,"featured_media":0,"parent":1936,"menu_order":0,"comment_status":"closed","ping_status":"closed","template":"","meta":{"ngg_post_thumbnail":0,"_mc_calendar":[],"footnotes":"","_links_to":"","_links_to_target":""},"class_list":["post-6073","page","type-page","status-publish","hentry"],"_links":{"self":[{"href":"https:\/\/www.fetiasp.com.br\/site\/index.php?rest_route=\/wp\/v2\/pages\/6073","targetHints":{"allow":["GET"]}}],"collection":[{"href":"https:\/\/www.fetiasp.com.br\/site\/index.php?rest_route=\/wp\/v2\/pages"}],"about":[{"href":"https:\/\/www.fetiasp.com.br\/site\/index.php?rest_route=\/wp\/v2\/types\/page"}],"author":[{"embeddable":true,"href":"https:\/\/www.fetiasp.com.br\/site\/index.php?rest_route=\/wp\/v2\/users\/1"}],"replies":[{"embeddable":true,"href":"https:\/\/www.fetiasp.com.br\/site\/index.php?rest_route=%2Fwp%2Fv2%2Fcomments&post=6073"}],"version-history":[{"count":4,"href":"https:\/\/www.fetiasp.com.br\/site\/index.php?rest_route=\/wp\/v2\/pages\/6073\/revisions"}],"predecessor-version":[{"id":6078,"href":"https:\/\/www.fetiasp.com.br\/site\/index.php?rest_route=\/wp\/v2\/pages\/6073\/revisions\/6078"}],"up":[{"embeddable":true,"href":"https:\/\/www.fetiasp.com.br\/site\/index.php?rest_route=\/wp\/v2\/pages\/1936"}],"wp:attachment":[{"href":"https:\/\/www.fetiasp.com.br\/site\/index.php?rest_route=%2Fwp%2Fv2%2Fmedia&parent=6073"}],"curies":[{"name":"wp","href":"https:\/\/api.w.org\/{rel}","templated":true}]}}