{"id":73,"date":"2012-06-21T22:07:47","date_gmt":"2012-06-21T22:07:47","guid":{"rendered":"http:\/\/www.fetiasp.com.br\/site\/?page_id=73"},"modified":"2025-10-14T16:51:44","modified_gmt":"2025-10-14T16:51:44","slug":"nossa-base","status":"publish","type":"page","link":"https:\/\/www.fetiasp.com.br\/site\/?page_id=73","title":{"rendered":"Nossa Base"},"content":{"rendered":"<div align=\"center\">\n<p style=\"text-align: left;\">&nbsp;<\/p>\n<p style=\"text-align: left;\"><span style=\"color: #ff0000;\"><strong>Barra Bonita<\/strong><\/span><br \/>\nSindicato dos Trabalhadores nas Ind\u00fastrias do a\u00e7\u00facar de Barra Bonita<br \/>\nPresidente: Odair Vioto<br \/>\nBase territorial: Barra Bonita e Dois Corregos<br \/>\nTrabalhadores na base: 1.300<br \/>\nSede: Rua Salles Leme, 34 \u2013 Barra Bonita \u2013 SP<br \/>\nTelefone: (14) 3641-0854<br \/>\n<a href=\"mailto:stiacucar@netsite.com.br\">stiacucar@netsite.com.br<\/a><\/p>\n<p style=\"text-align: left;\"><span style=\"color: #ff0000;\"><strong>Barretos<\/strong><\/span><br \/>\nSindicato dos Trabalhadores nas Ind\u00fastrias de Alimenta\u00e7\u00e3o de Barretos<br \/>\nPresidente: Enilson Roberto da Silva<br \/>\nBase territorial: Barretos,&nbsp; Col\u00f4mbia, Gua\u00edra, Jaborandi e Miguel\u00f3polis<br \/>\nTrabalhadores na base: 6.500<br \/>\nSede: Rua 16, 937 \u2013 Centro \u2013 Barretos \u2013 SP<br \/>\nTelefone: (17) 3322-8011<br \/>\n<a href=\"mailto:stiaba@uol.com.br\">stiaba@uol.com.br<\/a><br \/>\nSub sede Guaira: Avenida 11, 749 \u2013 Centro \u2013 Guaira \u2013 SP<br \/>\nTelefone: (17) 3331-4373<br \/>\n<a href=\"mailto:sindalg@netsite.com.br\">sindalg@netsite.com.br<\/a><br \/>\n<strong><br \/>\n<span style=\"color: #ff0000;\">Bauru<\/span><\/strong><br \/>\nSindicato dos Trabalhadores em Ind\u00fastrias de Alimenta\u00e7\u00e3o de Bauru<br \/>\nPresidente: Ant\u00f4nio Carlos de Oliveira Matheus (Pardal)<br \/>\nBase territorial: Bauru, Agudos, Arealva, Balbinos, &nbsp;Len\u00e7\u00f3is Paulista, Pederneiras, Piraju\u00ed,&nbsp; e Piratininga.<br \/>\nTrabalhadores na base: 3.000<br \/>\nSede: Rua Manoel Bento da Cruz, 4-38 \u2013 Centro \u2013 Bauru \u2013 SP<br \/>\nTelefone: (14) 3104-7566<br \/>\n<a href=\"http:\/\/www.stiabauru.com.br\">www.stiabauru.com.br<\/a><br \/>\n<a href=\"mailto:contato@stiabauru.com.br\">contato@stiabauru.com.br<\/a><\/p>\n<p style=\"text-align: left;\"><span style=\"color: #ff0000;\"><strong>Bebedouro<\/strong><\/span><br \/>\nSindicato dos Trabalhadores nas Ind\u00fastrias de Alimenta\u00e7\u00e3o de Bebedouro<br \/>\nPresidente: Jos\u00e9 Ant\u00f4nio Janotta<br \/>\nBase territorial: Bebedouro, Monte Azul Paulista,&nbsp; Pirang\u00ed, Pitangueiras,&nbsp; Taia\u00e7u, Taiuva, Taquaral, Terra Roxa e Viradouro<br \/>\nTrabalhadores na base: 2.000<br \/>\nSede: Rua Duque de Caxias, 251 \u2013 Jardim S\u00e3o Jo\u00e3o \u2013 Bebedouro \u2013 SP<br \/>\nTelefone: (17) 3342-3101 \/ 3345-1293<br \/>\n<a href=\"mailto:sindicato.bebedouro@hotmail.com\">sindicato.bebedouro@hotmail.com<\/a><\/p>\n<p style=\"text-align: left;\"><span style=\"color: #ff0000;\"><strong>Bragan\u00e7a Paulista<\/strong><\/span><br \/>\nSindicato dos Trabalhadores nas Ind\u00fastrias de Alimenta\u00e7\u00e3o de Bragan\u00e7a Paulista<br \/>\nPresidente: Jos\u00e9 Luiz Martins Cardoso<br \/>\nBase territorial: Bragan\u00e7a Paulista, Atibaia, Bom Jesus dos Perd\u00f5es, Itatiba, Jarinu, Joan\u00f3polis, Morungaba, Nazar\u00e9 Paulista, Pedra Bela, Pinhalzinho, Tuiti e Vargem<br \/>\nTrabalhadores na base: 4.632<br \/>\nSede: Rua Santa Clara, 450 \u2013 Centro \u2013 Bragan\u00e7a Paulista \u2013 SP \u2013 CEP: 12.900-470<br \/>\nTelefone: (11) 4034-0836<br \/>\n<a href=\"mailto:sintabbpaulista@terra.com.br\">sintabbpaulista@terra.com.br<\/a><\/p>\n<p style=\"text-align: left;\"><span style=\"color: #ff0000;\"><strong>Campinas<\/strong><\/span><br \/>\nSindicato dos Trabalhadores nas Ind\u00fastrias de Alimenta\u00e7\u00e3o de Campinas (SITAC)<br \/>\nPresidente: Marcos Roberto da Silva Ara\u00fajo<br \/>\nBase territorial: Campinas, Hortol\u00e2ndia, Indaiatuba, Itu, Jaguari\u00fana, Monte Mor, Paulinia, Pedreira, Salto, Sumar\u00e9 e Valinhos<br \/>\nTrabalhadores na base: 18.000<br \/>\nSede: Rua Jos\u00e9 Paulino, 172 \u2013 Vila L\u00eddia \u2013 Campinas \u2013 SP \u2013 CEP: 13026-515<br \/>\nTelefone: (19) 3232-2855<br \/>\nSub sede: It\u00fa e Jaguari\u00fana<br \/>\n<a href=\"mailto:sind.alimentacao@terra.com.br\">sind.alimentacao@terra.com.br<\/a><\/p>\n<p style=\"text-align: left;\"><span style=\"color: #ff0000;\"><strong>Capivari<\/strong><\/span><br \/>\nSindicato dos Trabalhadores nas Ind\u00fastrias de Alimenta\u00e7\u00e3o de Capivari<br \/>\nPresidente: Jos\u00e9 Luis Claudio<br \/>\nBase territorial: Capivari, Ces\u00e1rio Lange, Conchas,&nbsp; Elias Fausto,&nbsp;Laranjal Paulista, Mombuca,&nbsp; Pereiras,&nbsp; e&nbsp;Rafard.<br \/>\nTrabalhadores na base: 1.800<br \/>\nSede: Rua Padre Fabiano, 279 \u2013 Centro \u2013 Capivari &#8211; SP<br \/>\nTelefone: (19) 3491-1390<br \/>\n<a href=\"http:\/\/www.stiaa.com.br\">www.stiaa.com.br<\/a><br \/>\n<a href=\"mailto:capivari@stiaa.com.br\">capivari@stiaa.com.br<\/a><\/p>\n<p style=\"text-align: left;\"><span style=\"color: #ff0000;\"><strong>Colina<\/strong><\/span><br \/>\nSindicato dos Trabalhadores Ativos e Aposentados nas Inds. de Panifica\u00e7\u00e3o, A\u00e7\u00facar, derivados de Colina (SINDIAPASC)<br \/>\nPresidente: Luiz Carlos Anast\u00e1cio<br \/>\nBase territorial: Colina<br \/>\nTrabalhadores na base:&nbsp;<br \/>\nSede: Rua Sete de Setembro, 810 \u2013 Centro \u2013 Colina &#8211; SP<br \/>\nTelefone: (17) 3341-4188<br \/>\n<a href=\"mailto:sindicatocosmopolis@gmail.com\">sindiapasc.colina@gmail.com<\/a><\/p>\n<p style=\"text-align: left;\"><span style=\"color: #ff0000;\"><strong>Cosm\u00f3polis<\/strong><\/span><br \/>\nSindicato dos Trabalhadores nas Ind\u00fastrias de A\u00e7\u00facar de Cosm\u00f3polis<br \/>\nPresidente: Jonas Gomes Ara\u00fajo<br \/>\nBase territorial: Cosm\u00f3polis<br \/>\nTrabalhadores na base: 400<br \/>\nSede: Rua Max Herget, 400 \u2013 Centro \u2013 Cosm\u00f3polis &#8211; SP<br \/>\nTelefone: (19) 3872-1394<br \/>\n<a href=\"mailto:sindicatocosmopolis@gmail.com\">sindicatocosmopolis@gmail.com<\/a><\/p>\n<p style=\"text-align: left;\"><span style=\"color: #ff0000;\"><strong>Franca<\/strong><\/span><br \/>\nSindicato dos Trabalhadores nas Ind\u00fastrias de Alimenta\u00e7\u00e3o de Franca e Regi\u00e3o<br \/>\nPresidente: Luiz de Paula Pedroso<br \/>\nBase territorial: Franca, Batatais, Cristais Paulista, Itirapu\u00e3,&nbsp;Nuporanga, Patroc\u00ednio Paulista,&nbsp; Pedregulho e&nbsp; S\u00e3o Jos\u00e9 da Bela Vista&nbsp;&nbsp;<br \/>\nTrabalhadores na base: 3.000<br \/>\nSede: Rua General Os\u00f3rio, 1225 \u2013 Centro \u2013 Franca &#8211; SP<br \/>\nTelefone: (16) 3722-6366 \/ 3722-2104<br \/>\nSub sede: Nuporanga \u2013 SP<br \/>\n<a href=\"mailto:stialimentacaofranca@hotmail.com\">stialimentacaofranca@hotmail.com<\/a><\/p>\n<p style=\"text-align: left;\"><span style=\"color: #ff0000;\"><strong>Itapira<\/strong><\/span><br \/>\nSindicato dos Trabalhadores nas Ind\u00fastrias de Alimenta\u00e7\u00e3o de Itapira<br \/>\nPresidente: Jos\u00e9 Em\u00edlio Contessotto<br \/>\nBase territorial: Itapira, \u00c1guas de Lind\u00f3ia, Amparo, Lind\u00f3ia,&nbsp; Monte Alegre do Sul, Serra Negra e Socorro<br \/>\nTrabalhadores na base: 5.000<br \/>\nSede: Rua Floriano Peixoto, 395 \u2013 Vila Ilze \u2013 Itapira &#8211; SP<br \/>\nTelefone: (19) 3863-2755<br \/>\n<a href=\"http:\/\/www.stiaitapira.com.br\">www.stiaitapira.com.br<\/a><br \/>\n<a href=\"mailto:contato@stiaitapira.com.br\">contato@stiaitapira.com.br<\/a><\/p>\n<p style=\"text-align: left;\"><span style=\"color: #ff0000;\"><strong>Ja\u00fa<\/strong><\/span><br \/>\nSindicato dos Trabalhadores nas Ind\u00fastrias de Alimenta\u00e7\u00e3o de Ja\u00fa e Regi\u00e3o<br \/>\nPresidente: Jo\u00e3o de Deus de Lima<br \/>\nBase territorial: Ja\u00fa, Bariri, Barra Bonita, Bocaina, Borac\u00e9ia, Brotas,&nbsp; Dois C\u00f3rregos, Dourado, Igara\u00e7u do Tiet\u00ea, Itapu\u00ed,&nbsp; Mineiros do Tiet\u00ea e&nbsp;Ribeir\u00e3o Bonito.<br \/>\nTrabalhadores na base: Cerca de 1.000<br \/>\nSede: Rua Conde do Pinhal, 310 \u2013 Centro \u2013 Ja\u00fa &#8211; SP<br \/>\nTelefone: (14) 3622-1401<br \/>\nSub sede: Itapu\u00ed<\/p>\n<p style=\"text-align: left;\"><span style=\"color: #ff0000;\"><strong>Jundia\u00ed<\/strong><\/span><br \/>\nSindicato dos Aliment\u00edcios e Bebidas de Jundia\u00ed e Regi\u00e3o<br \/>\nPresidente: Edilson Severino de Carvalho<br \/>\nBase territorial: Jundia\u00ed, Cabre\u00fava, Cajamar, Campo Limpo Paulista,&nbsp;Itupeva,&nbsp;Louveira, V\u00e1rzea Paulista e Vinhedo.&nbsp;<br \/>\nTrabalhadores na base: Cerca de 3.500<br \/>\nSede: Rua Otelo Caiuby, 30 \u2013 Jd. Cica \u2013 Jundia\u00ed &#8211; SP<br \/>\nTelefone: (11) 4526-2152<br \/>\n<a href=\"http:\/\/www.alimenticiosjundiai.com.br\">www.alimenticiosjundiai.com.br<\/a><br \/>\n<a href=\"mailto:contato@alimenticiosjundiai.com.br\">contato@alimenticiosjundiai.com.br<\/a><\/p>\n<p style=\"text-align: left;\"><span style=\"color: #ff0000;\"><strong>Limeira<\/strong><\/span><br \/>\nSindicato dos Trabalhadores nas Ind\u00fastrias de Alimenta\u00e7\u00e3o e Afins de Limeira<br \/>\nPresidente: Artur Bueno J\u00fanior<br \/>\nBase territorial: Limeira,&nbsp;Cordeir\u00f3polis, Iracem\u00e1polis e Nova Odessa.<br \/>\nTrabalhadores na base: 8.000<br \/>\nSede: Rua Siqueira Campos, 96 \u2013 Centro \u2013 Limeira &#8211; SP<br \/>\nTelefone: (19) 3441-8524 \/ 3441-1474 \/ 3441-5228<br \/>\nSub sede: Iracem\u00e1polis<br \/>\n<a href=\"http:\/\/www.stial.com.br\">www.stial.com.br<\/a><br \/>\n<a href=\"mailto:stial@stial.com.br\">stial@stial.com.br<\/a><\/p>\n<p style=\"text-align: left;\"><span style=\"color: #ff0000;\"><strong>Macatuba<\/strong><\/span><br \/>\nSindicato dos Trabalhadores nas Ind\u00fastrias de Alimenta\u00e7\u00e3o de Macatuba<br \/>\nPresidente: Djair Martins Pereira<\/p>\n<p style=\"text-align: left;\">Base territorial: Macatuba<br \/>\nTrabalhadores na base: 550<br \/>\nSede: Alameda Tiradentes, 134 \u2013 Vila Azevedo \u2013 Macatuba &#8211; SP<br \/>\nTelefone: (14) 3298-1410<br \/>\n<a href=\"mailto:sindicatomacatuba@hotmail.com\">sindicatomacatuba@hotmail.com<\/a><\/p>\n<p style=\"text-align: left;\"><span style=\"color: #ff0000;\"><strong>Maraca\u00ed<\/strong><\/span><br \/>\nSindicato dos Trabalhadores nas Ind\u00fastrias de Alimenta\u00e7\u00e3o de Maraca\u00ed<br \/>\nPresidente: Pedro Cirino Franco<br \/>\nBase territorial: Maraca\u00ed, Candido Mota, Cruz\u00e1lia, Flor\u00ednea, Palmital, Paragua\u00e7u Paulista, Platina e Tarum\u00e3<br \/>\nSede: Avenida Jos\u00e9 Bonif\u00e1cio, 555 \u2013 Centro \u2013 Maraca\u00ed &#8211; SP<br \/>\nTelefone: (18) 3371-1525<br \/>\n<a href=\"mailto:stiam@izaz.com.br\">stiam@izaz.com.br<\/a><\/p>\n<p style=\"text-align: left;\"><span style=\"color: #ff0000;\"><strong>Mar\u00edlia<\/strong><\/span><br \/>\nSindicato dos Trabalhadores nas Ind\u00fastrias de Alimenta\u00e7\u00e3o e Afins de Mar\u00edlia e Regi\u00e3o<br \/>\nPresidente: Wilson Vidotto Manzon<br \/>\nBase territorial: Mar\u00edlia, \u00c1lvaro de Carvalho, Alvinl\u00e2ndia, &nbsp;Assis, Bor\u00e1,&nbsp;Campos Novos Paulista,<strong>&nbsp;<\/strong>Echapor\u00e3,<strong>&nbsp;<\/strong>G\u00e1lia, Gar\u00e7a, Hercul\u00e2ndia, &nbsp;Ipaussu, Lup\u00e9rcio, Ocau\u00e7u, Oriente, Oscar Bressane, Ourinhos, Pomp\u00e9ia, Quintana,&nbsp;Santa Cruz do Rio Pardo, &nbsp;S\u00e3o Pedro do Turvo&nbsp; Ubirajara e&nbsp;Vera Cruz.<br \/>\nTrabalhadores na base: 12.000<br \/>\nSede: Rua Paes Lemes, 629 \u2013 Alto Cafezal \u2013 Mar\u00edlia &#8211; SP<br \/>\nTelefone: (14) 3402-9660<br \/>\n<a href=\"http:\/\/www.stiam.org.br\">www.stiam.org.br<\/a><br \/>\n<a href=\"mailto:stiam@stiam.org.br\">stiam@stiam.org.br<\/a><\/p>\n<p style=\"text-align: left;\"><span style=\"color: #ff0000;\"><strong>Ol\u00edmpia<\/strong><\/span><br \/>\nSindicato dos Trabalhadores nas Ind\u00fastrias de Alimenta\u00e7\u00e3o de Ol\u00edmpia e Regi\u00e3o<br \/>\nPresidente: Jo\u00e3o Roberto Stringhini<br \/>\nBase territorial: Ol\u00edmpia, Altair, Cajobi, Emba\u00faba, Guaraci, Ic\u00e9m e Sever\u00ednia<br \/>\nTrabalhadores na base: 2.000<br \/>\nSede: Avenida Waldemar Lopes Ferraz, 922 \u2013 Centro \u2013 Ol\u00edmpia &#8211; SP<br \/>\nTelefone: (17) 3281-1149<br \/>\nSub sede: Guaraci e Sever\u00ednia<br \/>\n<a href=\"http:\/\/www.stiao.com.br\">www.stiao.com.br<\/a><br \/>\n<a href=\"mailto:staliola@terra.com.br\">staliola@terra.com.br<\/a> \/ <a href=\"mailto:stiao@globo.com\">stiao@globo.com<\/a><\/p>\n<p style=\"text-align: left;\"><span style=\"color: #ff0000;\"><strong>Presidente Prudente<\/strong><\/span><br \/>\nSindicato dos Trabalhadores nas Ind\u00fastrias de Alimenta\u00e7\u00e3o de Presidente Prudente<br \/>\nPresidente: Jos\u00e9 Gon\u00e7alves da Silva<br \/>\nBase territorial: Alfredo Marcondes, \u00c1lvares Machado, Anhumas, Caiab\u00fa, Dracena, Emilian\u00f3polis, Euclides da Cunha Paulista, Iep\u00ea, Indiana, Jo\u00e3o Ramalho, Marab\u00e1 Paulista, Mari\u00e1polis, Martin\u00f3polis, Mirante do Paranapanema, Monte Castelo, Nova Guataporanga, Ouro Verde, Panorama, Paulic\u00e9ia, Piquerobi, Pirapozinho, Presidente Bernardes, Presidente Prudente, Presidente Epit\u00e1cio, Presidente Venceslau, Quat\u00e1, Rancharia, Regente Feij\u00f3, Ribeir\u00e3o dos \u00cdndios, Rosana, Sandovalina, Santa Mercedes, Santo Anast\u00e1cio,&nbsp; Santo Expedito, S\u00e3o Jo\u00e3o do Pau d&#8217; alho, Taciba, Tarabai, Teodoro Sampaio e Tupi Paulista.<br \/>\nTrabalhadores na base: 3.535<br \/>\nSede: Rua Lauro Queiroz, 281 \u2013 Vila Comercial \u2013 Presidente Prudente &#8211; SP<br \/>\nTelefone: (18) 3222-3888<br \/>\nSub sede: Teodoro Sampaio, Presidente Epit\u00e1cio, Presidente Venceslau e Rancharia<br \/>\n<a href=\"http:\/\/www.sintiapp.com.br\">www.sintiapp.com.br<\/a><br \/>\n<a href=\"mailto:sindalimprudente@stetnet.com.br\">sindalimprudente@stetnet.com.br<\/a><\/p>\n<p class=\"p1\" style=\"text-align: left;\"><span style=\"color: #ff0000;\"><b>Porto Ferreira<\/b><\/span><br \/>\nSindicato dos Trabalhadores nas Ind\u00fastrias de Alimenta\u00e7\u00e3o de Porto Ferreira<br \/>\nPresidente: Orlando dos Santos<br \/>\nBase territorial: Porto Ferreira, Descalvado, Pirassununga,&nbsp; e Santa Cruz das Palmeiras.<br \/>\nTrabalhadores na base: 3.000<br \/>\nSede: Rua Jo\u00e3o Mutinelli, 170 \u2013 Porto Ferreira &#8211; SP<br \/>\nTelefone: (19) 3581-2073<br \/>\nSub sede: Descalvado e Santa Cruz das Palmeiras<\/p>\n<p style=\"text-align: left;\"><strong><span style=\"color: #ff0000;\">Piracicaba<\/span><br \/>\n<\/strong>Sindicato dos trabalhadores nas Ind\u00fastrias de Alimenta\u00e7\u00e3o de Piracicaba<br \/>\nPresidente: F\u00e2nio Luis Gomes<br \/>\nBase territorial: Piracicaba, \u00c1guas de S\u00e3o Pedro, Americana, Charqueada, Ipe\u00fana, Rio das Pedras,&nbsp;Saltinho, Santa Barbara D\u2019Oeste,&nbsp; &nbsp;S\u00e3o Pedro e&nbsp; &nbsp;Tiet\u00ea.<br \/>\nTrabalhadores na base: 9.000<br \/>\nSede: Rua Moraes Barro, 411 \u2013 Centro \u2013 Piracicaba &#8211; SP<br \/>\nTelefone: (19) 3437-3700<br \/>\nSub sede: Rio das Pedras, Santa Barbara D\u2019Oeste<br \/>\n<a href=\"http:\/\/www.stiap.com.br\">www.stiap.com.br<\/a><br \/>\n<a href=\"mailto:sindicato@stiap.com.br\">sindicato@stiap.com.br<\/a><\/p>\n<p style=\"text-align: left;\"><span style=\"color: #ff0000;\"><strong>Rio Claro<\/strong><\/span><br \/>\nSindicato dos Trabalhadores nas Ind\u00fastrias de Alimenta\u00e7\u00e3o de Rio Claro<br \/>\nPresidente: Edvaldo Santos Silva<\/p>\n<p style=\"text-align: left;\">Base territorial: Rio Claro, Anal\u00e2ndia, Corumbata\u00ed, Ipe\u00fana,&nbsp; Itirapina e Santa Gertrudes.<br \/>\nSede: Rua Hum, 1491 \u2013 Rio Claro \u2013 SP<br \/>\nTelefone: (19) 3524-4470<\/p>\n<p style=\"text-align: left;\"><span style=\"color: #ff0000;\"><strong>Santa Rita do Passa Quatro<\/strong><\/span><br \/>\nSindicato dos Trabalhadores nas Ind\u00fastrias de Alimenta\u00e7\u00e3o de Santa Rita do Passa Quatro<br \/>\nPresidente: Raimundo Vilas boas de Oliveira<br \/>\nBase territorial: Santa Rita do Passa Quatro<br \/>\nTrabalhadores na base: 155<br \/>\nSede: Rua Jos\u00e9 Bonif\u00e1cio, 995 \u2013 Centro \u2013 Santa Rita do Passa Quatro<br \/>\nTelefone: (19) 3582-3337<br \/>\n<a href=\"mailto:siadialsrpquatro@bol.com.br\">siadialsrpquatro@bol.com.br<\/a><\/p>\n<p style=\"text-align: left;\"><span style=\"color: #ff0000;\"><strong>Santa Rosa de Viterbo<\/strong><\/span><br \/>\nSindicato dos Trabalhadores nas Ind\u00fastrias de Alimenta\u00e7\u00e3o de Santa Rosa de Viterbo<br \/>\nPresidente: Luiz Carlos Ramos<br \/>\nBase territorial: Santa Rosa de Viterbo, Cajuru, S\u00e3o Sim\u00e3o e Tamba\u00fa.<br \/>\nTrabalhadores na base: 750<br \/>\nSede: Rua Delduque Ribeiro Garcia, 37 \u2013 Centro \u2013 Santa Rosa de Viterbo<br \/>\nTelefone: (16) 3954-1154<br \/>\n<a href=\"mailto:sindsrv@yahoo.com.br\">sindsrv@yahoo.com.br<\/a><\/p>\n<p style=\"text-align: left;\"><span style=\"color: #ff0000;\"><strong>Santos<\/strong><\/span><br \/>\nSindicato dos Trabalhadores nas Ind\u00fastrias de Alimenta\u00e7\u00e3o de Santos<br \/>\nPresidente: Adelson Vilanova<br \/>\nBase territorial: Santos, Cubat\u00e3o, Guaruj\u00e1 e S\u00e3o Vicente.<\/p>\n<p style=\"text-align: left;\">Trabalhadores na base: 1.100<br \/>\nSede: Avenida Campos Salles, 73 \u2013 Santos &#8211; SP<br \/>\nTelefone: (13) 3234-9393 \/ 3232-2561<br \/>\n<a href=\"http:\/\/www.stiasantos.com.br\">www.stiasantos.com.br<\/a><br \/>\n<a href=\"mailto:stiasantos@uol.com.br\">stiasantos@uol.com.br<\/a> \/ <a href=\"mailto:stiasantos@hotmail.com\">stiasantos@hotmail.com<\/a><\/p>\n<p style=\"text-align: left;\"><span style=\"color: #ff0000;\"><strong>S\u00e3o Carlos<\/strong><\/span><br \/>\nSindicato dos Trabalhadores nas Ind\u00fastrias de Alimenta\u00e7\u00e3o de S\u00e3o Carlos<br \/>\nPresidente: Aparecido Adivaldo Signori<br \/>\nSede: Avenida Jos\u00e9 Pereira Lopes, 64 \u2013 Vila Prado \u2013 S\u00e3o Carlos &#8211; SP<br \/>\nTelefone: (16) 3372-1857<\/p>\n<p style=\"text-align: left;\"><span style=\"color: #ff0000;\"><strong>S\u00e3o Jos\u00e9 do Rio Preto<\/strong><\/span><br \/>\nSindicato dos Trabalhadores nas Ind\u00fastrias de Alimenta\u00e7\u00e3o de S\u00e3o Jos\u00e9 do Rio Preto<br \/>\nPresidente: Tiago Gon\u00e7alves Pereira<br \/>\nBase territorial: S\u00e3o Jos\u00e9 do Rio Preto, Adolfo, Bady Bassitt, Balsamo, Cedral, Guapia\u00e7u, Ipigu\u00e1, Jaci, Jos\u00e9 Bonif\u00e1cio, Mendon\u00e7a, Mirassol, Mirassol\u00e2ndia, Monte Apraz\u00edvel, Neves Paulista, Nipo\u00e3, Nova Granada, Onda Verde, Palestina, Poloni, Potirendaba, S\u00e3o Jos\u00e9 do Rio Preto, Tanabi, Ubarana e Uni\u00e3o Paulista<br \/>\nTrabalhadores na base: 4.000<br \/>\nSede: Rua Jo\u00e3o Teixeira, 560 \u2013 Vila Santa Cruz \u2013 S\u00e3o Jos\u00e9 do Rio Preto &#8211; SP<br \/>\nTelefone: (17) 3232-4355 \/ 3232-4053<br \/>\nSub sede: Guapia\u00e7u e Jos\u00e9 Bonif\u00e1cio<br \/>\n<a href=\"http:\/\/www.stiariopreto.com.br\">www.stiariopreto.com.br<\/a><br \/>\n<a href=\"mailto:contato@stiariopreto.com.br\">contato@stiariopreto.com.br<\/a><\/p>\n<p style=\"text-align: left;\"><span style=\"color: #ff0000;\"><strong>S\u00e3o Manuel<\/strong><\/span><br \/>\nSindicato dos Trabalhadores nas Ind\u00fastrias de Alimenta\u00e7\u00e3o de S\u00e3o Manuel<br \/>\nPresidente: Milton Domingues<br \/>\nBase territorial: S\u00e3o Manuel, Anhembi, Arei\u00f3polis, Botucatu, Pardinho,&nbsp; e Pr\u00e2tania.<br \/>\nTrabalhadores na base: Cerca de 1.100<br \/>\nSede: Rua Coronel Rodrigues Sim\u00f5es, 191 \u2013 Centro \u2013 S\u00e3o Manuel &#8211; SP<br \/>\nTelefone: (14) 3841-5299<br \/>\nSub sede: Botucatu<br \/>\nstiasm@enteronline.com.br<\/p>\n<p style=\"text-align: left;\"><span style=\"color: #ff0000;\"><strong>Sert\u00e3ozinho<\/strong><\/span><br \/>\nSindicato dos Trabalhadores nas Ind\u00fastrias do A\u00e7\u00facar da Alimenta\u00e7\u00e3o e Afins de Sert\u00e3ozinho e Regi\u00e3o<br \/>\nPresidente: Ant\u00f4nio Vitor<br \/>\nBase territorial: Sert\u00e3ozinho, Barrinha e Pontal.<br \/>\nTrabalhadores na base: 8.000<br \/>\nSede: Terencio Ricciard, 1048 \u2013 S\u00e3o Jo\u00e3o \u2013 Sert\u00e3ozinho &#8211; SP<br \/>\nTelefone: (16) 3942-3822<br \/>\nSub sede: Pontal \u2013 SP<br \/>\n<a href=\"mailto:stiaser@netsite.com.br\">stiaser@netsite.com.br<\/a> \/ <a href=\"mailto:stiasersert@gmail.com\">stiasersert@gmail.com<\/a><\/p>\n<p style=\"text-align: left;\"><span style=\"color: #ff0000;\"><strong>Tup\u00e3<\/strong><\/span><br \/>\nSindicato dos Trabalhadores nas Ind\u00fastrias de Alimenta\u00e7\u00e3o de Tup\u00e3<br \/>\nPresidente: Nicanor Meira Dias<br \/>\nBase territorial: Tup\u00e3, Adamantina, Bastos, Fl\u00f3rida Paulista, Junqueir\u00f3polis, Luc\u00e9lia,&nbsp;Osvaldo Cruz e&nbsp; Pacaembu.<br \/>\nTrabalhadores na base: 2.000<br \/>\nSede: Rua Brasil, 1088 \u2013 Tup\u00e3 &#8211; SP<br \/>\nTelefone: (14) 3496-5166 \/ 3491-2377<br \/>\n<a href=\"mailto:stiat@uniste.br\">stiat@uniste.br<\/a><\/p>\n<p style=\"text-align: left;\"><span style=\"color: #ff0000;\"><strong>Votuporanga<\/strong><\/span><br \/>\nSindicato dos Trabalhadores nas Ind\u00fastrias de Alimenta\u00e7\u00e3o de Votuporanga<br \/>\nPresidente: Vicente Aparecido Romero<\/p>\n<p style=\"text-align: left;\">Base territorial: Votuporanga, Alvares Florence, Am\u00e9rico de Campos, Cardoso, Estrela D&#8217;Oeste, Fernand\u00f3polis, Gast\u00e3o Vidigal, General Salgado, Guarani D&#8217;Oeste, Indiapor\u00e3, Jales, Meridiano, Mon\u00e7\u00f5es, Nhandeara, Pedran\u00f3polis, Riol\u00e3ndia, Santa F\u00e9 do Sul, Sebastian\u00f3polis do Sul, Ur\u00e3nia e Valentim Gentil.<br \/>\nSede: Avenida Atilio Beloni, 3873 \u2013 Jd. S\u00e3o Judas Tadeu \u2013 Votuporanga &#8211;&nbsp; SP<br \/>\nTelefone: (17) 3423-4589<br \/>\n<a href=\"http:\/\/www.stiavr.com.br\">www.stiavr.com.br<\/a><br \/>\nsoares_341@hotmail.com<\/p>\n<\/div>\n<div style=\"text-align: left;\" align=\"center\">\n<map name=\"Map2Map\"><\/map>\n<\/div>\n<div style=\"text-align: left;\" align=\"center\">\n<map name=\"Map2Map\"><\/map>\n<\/div>\n<div style=\"text-align: left;\" align=\"center\">\n<map name=\"Map2Map\"><\/map>\n<\/div>\n<div style=\"text-align: left;\" align=\"center\">\n<map name=\"Map2Map\"><\/map>\n<\/div>\n<div style=\"text-align: left;\" align=\"center\">\n<map name=\"Map2Map\">\n<area coords=\"101,8,218,111\" shape=\"rect\" href=\"?op=ext_comercio\">\n <\/map>\n<\/div>\n","protected":false},"excerpt":{"rendered":"<p>&nbsp; Barra Bonita Sindicato dos Trabalhadores nas Ind\u00fastrias do a\u00e7\u00facar de Barra Bonita Presidente: Odair Vioto Base territorial: Barra Bonita e Dois Corregos Trabalhadores na base: 1.300 Sede: Rua Salles Leme, 34 \u2013 Barra Bonita \u2013 SP Telefone: (14) 3641-0854 [&hellip;]<\/p>\n","protected":false},"author":1,"featured_media":0,"parent":54,"menu_order":3,"comment_status":"open","ping_status":"open","template":"","meta":{"ngg_post_thumbnail":0,"_mc_calendar":[],"footnotes":"","_links_to":"","_links_to_target":""},"class_list":["post-73","page","type-page","status-publish","hentry"],"_links":{"self":[{"href":"https:\/\/www.fetiasp.com.br\/site\/index.php?rest_route=\/wp\/v2\/pages\/73","targetHints":{"allow":["GET"]}}],"collection":[{"href":"https:\/\/www.fetiasp.com.br\/site\/index.php?rest_route=\/wp\/v2\/pages"}],"about":[{"href":"https:\/\/www.fetiasp.com.br\/site\/index.php?rest_route=\/wp\/v2\/types\/page"}],"author":[{"embeddable":true,"href":"https:\/\/www.fetiasp.com.br\/site\/index.php?rest_route=\/wp\/v2\/users\/1"}],"replies":[{"embeddable":true,"href":"https:\/\/www.fetiasp.com.br\/site\/index.php?rest_route=%2Fwp%2Fv2%2Fcomments&post=73"}],"version-history":[{"count":101,"href":"https:\/\/www.fetiasp.com.br\/site\/index.php?rest_route=\/wp\/v2\/pages\/73\/revisions"}],"predecessor-version":[{"id":12986,"href":"https:\/\/www.fetiasp.com.br\/site\/index.php?rest_route=\/wp\/v2\/pages\/73\/revisions\/12986"}],"up":[{"embeddable":true,"href":"https:\/\/www.fetiasp.com.br\/site\/index.php?rest_route=\/wp\/v2\/pages\/54"}],"wp:attachment":[{"href":"https:\/\/www.fetiasp.com.br\/site\/index.php?rest_route=%2Fwp%2Fv2%2Fmedia&parent=73"}],"curies":[{"name":"wp","href":"https:\/\/api.w.org\/{rel}","templated":true}]}}